{"id":36,"date":"2020-01-05T07:57:59","date_gmt":"2020-01-05T07:57:59","guid":{"rendered":"http:\/\/australien-auslandsjahr.de\/?page_id=36"},"modified":"2020-01-28T08:52:12","modified_gmt":"2020-01-28T08:52:12","slug":"start","status":"publish","type":"page","link":"https:\/\/australien-auslandsjahr.de\/","title":{"rendered":"Start"},"content":{"rendered":"\n<h1 class=\"wp-block-heading\">Vorwort<\/h1>\n\n\n\n<p class=\"has-drop-cap has-medium-font-size\">Ich werde Tom genannt. Eigentlich ist mein Name Thomas, aber Zeit meines Lebens nennt man mich <em>Tom oder TT.<\/em> Vermutlich liegt das daran, dass mein Geburtsjahrgang so einige Thomas mit sich brachte &#8211; zur besseren Unterscheidung eben. Ich bin seit 21 Jahren verheiratet. Mit meiner Frau habe ich eine gemeinsame Tochter, Alina. <\/p>\n\n\n\n<p class=\"has-medium-font-size\">Alina befindet sich seit dem 23. Januar 2020 f\u00fcr 11 Monate in Australien und absolviert dort ein Auslandsjahr. Sie lebt in einer Gastfamilie und besucht eine High School.<\/p>\n\n\n\n<p class=\"has-medium-font-size\">Auf der Suche nach Informationen findet man viele Erfahrungsberichte &#8211; von Austauschsch\u00fclern, ja ganze Tageb\u00fccher. Von den Eltern hingegen sind die Informationen eher sp\u00e4rlich ges\u00e4t. Zwar gibt es kurze Erfahrungsberichte und Informationsquellen, aber so richtig befriedigt haben diese mich nicht. Ein ganzes Tagebuch suchte ich vergebens.<\/p>\n\n\n\n<p class=\"has-medium-font-size\">Daher habe ich mich entschieden, meine Erfahrungen, Gef\u00fchle, Probleme, Fragestellungen in diesem Zusammenhang selber  festzuhalten. In meinem pers\u00f6nlichen Tagebuch. <\/p>\n\n\n\n<p class=\"has-medium-font-size\">Dieser Blog kann als Informationsquelle f\u00fcr alle zuk\u00fcnftigen &#8222;Auslandsjahreltern&#8220; dienen aber auch f\u00fcr Freunde und Bekannte in der Ferne, um \u00fcber unsere Tochter informiert zu bleiben. <\/p>\n\n\n\n<p class=\"has-medium-font-size\">Allen Lesern w\u00fcnsche ich viel Spa\u00df auf dieser &#8222;gemeinsamen Reise&#8220; und meinem &#8222;Seelenstriptease&#8220; \ud83d\ude42<\/p>\n\n\n\n<p><\/p>\n\n\n\n<div class=\"wp-block-image is-style-circle-mask\"><figure class=\"aligncenter size-large is-resized\"><img loading=\"lazy\" decoding=\"async\" src=\"http:\/\/australien-auslandsjahr.de\/wp-content\/uploads\/2020\/01\/44270122_165047514436543_15677463854055424_n-1-1-819x1024.jpg\" alt=\"\" class=\"wp-image-109\" width=\"284\" height=\"355\" srcset=\"https:\/\/australien-auslandsjahr.de\/wp-content\/uploads\/2020\/01\/44270122_165047514436543_15677463854055424_n-1-1-819x1024.jpg 819w, https:\/\/australien-auslandsjahr.de\/wp-content\/uploads\/2020\/01\/44270122_165047514436543_15677463854055424_n-1-1-240x300.jpg 240w, https:\/\/australien-auslandsjahr.de\/wp-content\/uploads\/2020\/01\/44270122_165047514436543_15677463854055424_n-1-1-768x960.jpg 768w, https:\/\/australien-auslandsjahr.de\/wp-content\/uploads\/2020\/01\/44270122_165047514436543_15677463854055424_n-1-1-1229x1536.jpg 1229w, https:\/\/australien-auslandsjahr.de\/wp-content\/uploads\/2020\/01\/44270122_165047514436543_15677463854055424_n-1-1-1638x2048.jpg 1638w, https:\/\/australien-auslandsjahr.de\/wp-content\/uploads\/2020\/01\/44270122_165047514436543_15677463854055424_n-1-1-scaled.jpg 2048w\" sizes=\"auto, (max-width: 284px) 100vw, 284px\" \/><figcaption> <em>Fotograf: Art Image &#8211; J\u00fcrgen Hofmann, Bonn<\/em> <\/figcaption><\/figure><\/div>\n","protected":false},"excerpt":{"rendered":"<p>Vorwort Ich werde Tom genannt. Eigentlich ist mein Name Thomas, aber Zeit meines Lebens nennt man mich Tom oder TT. Vermutlich liegt das daran, dass mein Geburtsjahrgang so einige Thomas mit sich brachte &#8211; zur besseren Unterscheidung eben. Ich bin seit 21 Jahren verheiratet. Mit meiner Frau habe ich eine gemeinsame Tochter, Alina. Alina befindet &hellip; <\/p>\n<p class=\"link-more\"><a href=\"https:\/\/australien-auslandsjahr.de\/\" class=\"more-link\"><span class=\"screen-reader-text\">\u201eStart\u201c <\/span>weiterlesen<\/a><\/p>\n","protected":false},"author":1,"featured_media":0,"parent":0,"menu_order":0,"comment_status":"closed","ping_status":"closed","template":"","meta":{"footnotes":""},"class_list":["post-36","page","type-page","status-publish","hentry"],"_links":{"self":[{"href":"https:\/\/australien-auslandsjahr.de\/index.php?rest_route=\/wp\/v2\/pages\/36","targetHints":{"allow":["GET"]}}],"collection":[{"href":"https:\/\/australien-auslandsjahr.de\/index.php?rest_route=\/wp\/v2\/pages"}],"about":[{"href":"https:\/\/australien-auslandsjahr.de\/index.php?rest_route=\/wp\/v2\/types\/page"}],"author":[{"embeddable":true,"href":"https:\/\/australien-auslandsjahr.de\/index.php?rest_route=\/wp\/v2\/users\/1"}],"replies":[{"embeddable":true,"href":"https:\/\/australien-auslandsjahr.de\/index.php?rest_route=%2Fwp%2Fv2%2Fcomments&post=36"}],"version-history":[{"count":12,"href":"https:\/\/australien-auslandsjahr.de\/index.php?rest_route=\/wp\/v2\/pages\/36\/revisions"}],"predecessor-version":[{"id":311,"href":"https:\/\/australien-auslandsjahr.de\/index.php?rest_route=\/wp\/v2\/pages\/36\/revisions\/311"}],"wp:attachment":[{"href":"https:\/\/australien-auslandsjahr.de\/index.php?rest_route=%2Fwp%2Fv2%2Fmedia&parent=36"}],"curies":[{"name":"wp","href":"https:\/\/api.w.org\/{rel}","templated":true}]}}